{"id":2847,"date":"2023-09-06T11:32:22","date_gmt":"2023-09-06T09:32:22","guid":{"rendered":"http:\/\/140.164.41.6\/nutrheff\/?page_id=2847"},"modified":"2023-09-06T11:36:27","modified_gmt":"2023-09-06T09:36:27","slug":"privacy-e-cookie-policy-2","status":"publish","type":"page","link":"http:\/\/140.164.41.6\/nutrheff\/index.php\/en\/privacy-e-cookie-policy-2\/","title":{"rendered":"Privacy e Cookie policy"},"content":{"rendered":"\n<p><strong>Informativa Policy Privacy ai sensi dell\u2019art. 13 del Regolamento (UE) 2016\/679&nbsp;<\/strong>La presente Privacy Policy \u00e8 resa nel rispetto dell\u2019articolo 13 del GDPR 2016\/679 (General Data Protection Regulation, Regolamento europeo in materia di protezione dei dati personali) e delle Linee guida del Garante in merito a cookie e altri strumenti di tracciamento \u2013 10 giugno 2021 [9677876].<\/p>\n\n\n\n<p><strong>Titolare e Responsabile del trattamento&nbsp;<\/strong>Il Titolare del trattamento \u00e8 il Consiglio Nazionale delle Ricerche nella persona del suo legale rappresentante pro tempore, il Presidente. Il CNR ha sede in Roma, Piazzale Aldo Moro, 7 \u2013 Roma.<br>Il Responsabile del Responsabile per la Protezione dei Dati (RPD) \u00e8 il dott. Raffaele Conte che \u00e8 possibile contattare al seguente indirizzo&nbsp;<a href=\"mailto:rpd@cnr.it\">rpd@cnr.it.<\/a><br>Il Responsabile del trattamento \u00e8 il dott. Sabato D\u2019Auria, Direttore del Dipartimento di Scienze Bio-Agroalimentari del CNR.<br>Per qualsiasi comunicazione, richiesta ed altro gli interessati potranno contattare il responsabile del trattamento dei dati personali all\u2019indirizzo di posta elettronica &nbsp;<a href=\"mailto:francesco.loreto@cnr.it\">direttore.disba@cnr.it<\/a><br>Per ulteriori informazioni o aggiornamenti in materia di privacy si informa di visitare il sito del Garante per la protezione dei dati personali all\u2019indirizzo&nbsp;<a href=\"http:\/\/www.garanteprivacy.it\/\">www.garanteprivacy.it<\/a><\/p>\n\n\n\n<p><strong>Finalit\u00e0 e trattamento dei dati<\/strong><br>Il trattamento dei dati personali effettuato tramite www.disba.cnr.it attiene esclusivamente ai dati&nbsp; di navigazione normalmente ricevuti dal servizio HTTP (quali indirizzo IP, sistema operativo ed ogni altro dato normalmente passato dal client al server tramite il protocollo HTTP). Tali dati sono trattati dal Disba-Cnr nell\u2019esecuzione dei propri compiti di interesse pubblico o comunque connessi all\u2019esercizio dei propri pubblici poteri, incluse le finalit\u00e0 di ricerca scientifica e l\u2019analisi per scopi statistici, di didattica, di amministrazione, ai sensi dell\u2019art. 6, comma 1, lett. e) anche, al fine di fornire e migliorare i servizi web offerti.<br>Tali dati&nbsp; sono trattati da personale interno previamente formato in modo lecito, corretto, pertinente, limitato a quanto necessario al raggiungimento delle finalit\u00e0 del trattamento in conformit\u00e0 ai principi indicati nell\u2019art. 5 del Regolamento UE 2016\/679. I dati sono conservati &nbsp;unicamente per eventuali necessit\u00e0 di accertamento di reati da parte dell\u2019Autorit\u00e0 giudiziaria.<br>Specifiche misure di sicurezza sono osservate per prevenire la perdita dei dati, usi illeciti o non corretti ed accessi non autorizzati.<br>Altri dati personali raccolti sono quelli forniti dall\u2019Utente mediante invio di comunicazioni agli indirizzi email indicati sul sito.<br>L\u2019acquisizione di tali dati \u00e8 necessaria per poter rispondere alle richieste inviate e non verranno comunicati a soggetti estranei all\u2019elaborazione degli stessi.&nbsp;<\/p>\n\n\n\n<h2 class=\"wp-block-heading\">Diritti degli interessati<\/h2>\n\n\n\n<p>Gli interessati hanno il diritto di chiedere al titolare del trattamento l\u2019accesso ai dati&nbsp; e la rettifica o la cancellazione degli stessi o la limitazione del trattamento che li riguarda o di opporsi al trattamento secondo quanto previsto dagli art. 15 e ss. del Regolamento UE 2016\/679.<br>L\u2019interessato ha diritto di presentare la propria istanza al Responsabile del trattamento dati. Le istanze dovranno essere indirizzate a: diretttore.disba@cnr.it.<br>Gli interessati che ritengono che il trattamento dei dati a loro riferiti effettuato attraverso questo sito avvenga in violazione di quanto previsto dal Regolamento hanno il diritto di proporre reclamo al Garante, come previsto dall\u2019art. 77 del Regolamento stesso, o di adire le opportune sedi giudiziarie (art. 79 del Regolamento).<br>Agli interessati, ricorrendone i presupposti, \u00e8 riconosciuto altres\u00ec il diritto di proporre reclamo al Garante quale autorit\u00e0 di controllo.<\/p>\n\n\n\n<h2 class=\"wp-block-heading\">Cookie e altri sistemi di tracciamento, cookie di terze parti<\/h2>\n\n\n\n<p>Questo Sito utilizza Cookie tecnici per salvare la sessione dell\u2019Utente e per svolgere altre attivit\u00e0 strettamente necessarie al funzionamento dello stesso. Per la loro installazione non \u00e8 richiesto il preventivo consenso degli utenti. Non viene fatto uso di cookie per la profilazione degli utenti.<\/p>\n\n\n\n<h2 class=\"wp-block-heading\">Link a Siti esterni&nbsp;<\/h2>\n\n\n\n<p>Sulle pagine web di www.nutrheff.cnr.it si possono trovare collegamenti ipertestuali con altri siti web, proposti per fornire un migliore servizio ai propri utenti. L\u2019esistenza di un link verso un altro sito non sottintende quindi approvazione od accettazione di responsabilit\u00e0 da parte di nutrheff.cnr.it circa il contenuto del nuovo sito cui si accede, anche in relazione alla politica adottata per il trattamento dei dati personali e normativa cookie.<\/p>\n","protected":false},"excerpt":{"rendered":"<p>Informativa Policy Privacy ai sensi dell\u2019art. 13 del Regolamento (UE) 2016\/679&nbsp;La presente Privacy Policy \u00e8 resa nel rispetto dell\u2019articolo 13 del GDPR 2016\/679 (General Data Protection Regulation, Regolamento europeo in materia di protezione dei dati personali) e delle Linee guida del Garante in merito a cookie e altri strumenti di tracciamento \u2013 10 giugno 2021 &hellip; <a href=\"http:\/\/140.164.41.6\/nutrheff\/index.php\/en\/privacy-e-cookie-policy-2\/\">Continue reading <span class=\"meta-nav\">&rarr;<\/span><\/a><\/p>\n","protected":false},"author":1,"featured_media":0,"parent":0,"menu_order":0,"comment_status":"closed","ping_status":"closed","template":"template-sidebar-right.php","meta":{"_acf_changed":false,"footnotes":""},"categories":[],"tags":[],"class_list":["post-2847","page","type-page","status-publish","hentry"],"acf":[],"_links":{"self":[{"href":"http:\/\/140.164.41.6\/nutrheff\/index.php\/wp-json\/wp\/v2\/pages\/2847","targetHints":{"allow":["GET"]}}],"collection":[{"href":"http:\/\/140.164.41.6\/nutrheff\/index.php\/wp-json\/wp\/v2\/pages"}],"about":[{"href":"http:\/\/140.164.41.6\/nutrheff\/index.php\/wp-json\/wp\/v2\/types\/page"}],"author":[{"embeddable":true,"href":"http:\/\/140.164.41.6\/nutrheff\/index.php\/wp-json\/wp\/v2\/users\/1"}],"replies":[{"embeddable":true,"href":"http:\/\/140.164.41.6\/nutrheff\/index.php\/wp-json\/wp\/v2\/comments?post=2847"}],"version-history":[{"count":3,"href":"http:\/\/140.164.41.6\/nutrheff\/index.php\/wp-json\/wp\/v2\/pages\/2847\/revisions"}],"predecessor-version":[{"id":2851,"href":"http:\/\/140.164.41.6\/nutrheff\/index.php\/wp-json\/wp\/v2\/pages\/2847\/revisions\/2851"}],"wp:attachment":[{"href":"http:\/\/140.164.41.6\/nutrheff\/index.php\/wp-json\/wp\/v2\/media?parent=2847"}],"wp:term":[{"taxonomy":"category","embeddable":true,"href":"http:\/\/140.164.41.6\/nutrheff\/index.php\/wp-json\/wp\/v2\/categories?post=2847"},{"taxonomy":"post_tag","embeddable":true,"href":"http:\/\/140.164.41.6\/nutrheff\/index.php\/wp-json\/wp\/v2\/tags?post=2847"}],"curies":[{"name":"wp","href":"https:\/\/api.w.org\/{rel}","templated":true}]}}